{"id":91,"date":"2021-07-02T15:43:05","date_gmt":"2021-07-02T13:43:05","guid":{"rendered":"http:\/\/esat-truffaut.fr\/?page_id=91"},"modified":"2025-10-09T10:53:59","modified_gmt":"2025-10-09T08:53:59","slug":"maraichage","status":"publish","type":"page","link":"https:\/\/esat-idefhi.fr\/?page_id=91","title":{"rendered":"Mara\u00eechage"},"content":{"rendered":"\t\t<div data-elementor-type=\"wp-page\" data-elementor-id=\"91\" class=\"elementor elementor-91\" data-elementor-settings=\"[]\">\n\t\t\t\t\t\t\t<div class=\"elementor-section-wrap\">\n\t\t\t\t\t\t\t<section class=\"elementor-section elementor-top-section elementor-element elementor-element-32963342 elementor-section-boxed elementor-section-height-default elementor-section-height-default\" data-id=\"32963342\" data-element_type=\"section\">\n\t\t\t\t\t\t<div class=\"elementor-container elementor-column-gap-default\">\n\t\t\t\t\t<div class=\"elementor-column elementor-col-100 elementor-top-column elementor-element elementor-element-28910c75\" data-id=\"28910c75\" data-element_type=\"column\">\n\t\t\t<div class=\"elementor-widget-wrap elementor-element-populated\">\n\t\t\t\t\t\t\t\t<div class=\"elementor-element elementor-element-7a95da97 elementor-widget elementor-widget-image\" data-id=\"7a95da97\" data-element_type=\"widget\" data-widget_type=\"image.default\">\n\t\t\t\t<div class=\"elementor-widget-container\">\n\t\t\t\t\t\t\t\t\t\t\t\t\t\t\t<img width=\"793\" height=\"794\" src=\"https:\/\/esat-idefhi.fr\/wp-content\/uploads\/2021\/07\/Logo-Maraichage-Officiel-800px.png\" class=\"attachment-full size-full\" alt=\"\" loading=\"lazy\" srcset=\"https:\/\/esat-idefhi.fr\/wp-content\/uploads\/2021\/07\/Logo-Maraichage-Officiel-800px.png 793w, https:\/\/esat-idefhi.fr\/wp-content\/uploads\/2021\/07\/Logo-Maraichage-Officiel-800px-300x300.png 300w, https:\/\/esat-idefhi.fr\/wp-content\/uploads\/2021\/07\/Logo-Maraichage-Officiel-800px-150x150.png 150w, https:\/\/esat-idefhi.fr\/wp-content\/uploads\/2021\/07\/Logo-Maraichage-Officiel-800px-768x769.png 768w\" sizes=\"(max-width: 793px) 100vw, 793px\" \/>\t\t\t\t\t\t\t\t\t\t\t\t\t\t\t<\/div>\n\t\t\t\t<\/div>\n\t\t\t\t\t<\/div>\n\t\t<\/div>\n\t\t\t\t\t\t\t<\/div>\n\t\t<\/section>\n\t\t\t\t<section class=\"elementor-section elementor-top-section elementor-element elementor-element-57f3a587 elementor-section-boxed elementor-section-height-default elementor-section-height-default\" data-id=\"57f3a587\" data-element_type=\"section\">\n\t\t\t\t\t\t<div class=\"elementor-container elementor-column-gap-default\">\n\t\t\t\t\t<div class=\"elementor-column elementor-col-100 elementor-top-column elementor-element elementor-element-46f5d241\" data-id=\"46f5d241\" data-element_type=\"column\">\n\t\t\t<div class=\"elementor-widget-wrap elementor-element-populated\">\n\t\t\t\t\t\t\t\t<div class=\"elementor-element elementor-element-3827c2cd elementor-hidden-phone elementor-hidden-tablet elementor-widget elementor-widget-spacer\" data-id=\"3827c2cd\" data-element_type=\"widget\" data-widget_type=\"spacer.default\">\n\t\t\t\t<div class=\"elementor-widget-container\">\n\t\t\t\t\t<div class=\"elementor-spacer\">\n\t\t\t<div class=\"elementor-spacer-inner\"><\/div>\n\t\t<\/div>\n\t\t\t\t<\/div>\n\t\t\t\t<\/div>\n\t\t\t\t<div class=\"elementor-element elementor-element-3758862 elementor-widget elementor-widget-heading\" data-id=\"3758862\" data-element_type=\"widget\" data-widget_type=\"heading.default\">\n\t\t\t\t<div class=\"elementor-widget-container\">\n\t\t\t<h2 class=\"elementor-heading-title elementor-size-default\">Des fruits & l\u00e9gumes frais, de nos terres jusqu\u2019\u00e0 vos assiettes !\n\n<\/h2>\t\t<\/div>\n\t\t\t\t<\/div>\n\t\t\t\t<div class=\"elementor-element elementor-element-eb753f7 elementor-widget elementor-widget-text-editor\" data-id=\"eb753f7\" data-element_type=\"widget\" data-widget_type=\"text-editor.default\">\n\t\t\t\t<div class=\"elementor-widget-container\">\n\t\t\t\t\t\t\t\t<p>Avec nos 2 hectares de terres situ\u00e9es au sein m\u00eame de l\u2019IDEFHI,\u00a0 notre \u00e9quipe du mara\u00eechage\u00a0 fait pousser pour vous, des fruits &amp; l\u00e9gumes frais, de saisons, cultiv\u00e9s avec soin dans le respect d\u2019une d\u00e9marche raisonn\u00e9e.<\/p>\t\t\t\t\t\t<\/div>\n\t\t\t\t<\/div>\n\t\t\t\t<div class=\"elementor-element elementor-element-5c12cec elementor-widget elementor-widget-heading\" data-id=\"5c12cec\" data-element_type=\"widget\" data-widget_type=\"heading.default\">\n\t\t\t\t<div class=\"elementor-widget-container\">\n\t\t\t<h2 class=\"elementor-heading-title elementor-size-default\">\nVous souhaitez cuisiner des produits sains ?<\/h2>\t\t<\/div>\n\t\t\t\t<\/div>\n\t\t\t\t<div class=\"elementor-element elementor-element-7aba0c03 elementor-widget elementor-widget-text-editor\" data-id=\"7aba0c03\" data-element_type=\"widget\" data-widget_type=\"text-editor.default\">\n\t\t\t\t<div class=\"elementor-widget-container\">\n\t\t\t\t\t\t\t\t<p style=\"font-weight: 400;\">Nos fruits &amp; l\u00e9gumes sont propos\u00e9s pour la\u00a0<strong>restauration commerciale et collective<\/strong>\u00a0et sont en\u00a0<strong>vente libre<\/strong> en vrac ou sous forme de paniers de l\u00e9gumes dans notre boutique \u00ab ESAT IDEFHI &#8211; Traiteur &amp; Mara\u00eecher \u00bb<\/p>\t\t\t\t\t\t<\/div>\n\t\t\t\t<\/div>\n\t\t\t\t<div class=\"elementor-element elementor-element-22858623 elementor-align-center elementor-widget elementor-widget-button\" data-id=\"22858623\" data-element_type=\"widget\" data-widget_type=\"button.default\">\n\t\t\t\t<div class=\"elementor-widget-container\">\n\t\t\t\t\t<div class=\"elementor-button-wrapper\">\n\t\t\t<a href=\"http:\/\/esat-truffaut.fr\/?page_id=98\" class=\"elementor-button-link elementor-button elementor-size-sm\" role=\"button\">\n\t\t\t\t\t\t<span class=\"elementor-button-content-wrapper\">\n\t\t\t\t\t\t<span class=\"elementor-button-text\">Les Halles de Truffaut <\/span>\n\t\t<\/span>\n\t\t\t\t\t<\/a>\n\t\t<\/div>\n\t\t\t\t<\/div>\n\t\t\t\t<\/div>\n\t\t\t\t<div class=\"elementor-element elementor-element-5299784 elementor-widget elementor-widget-spacer\" data-id=\"5299784\" data-element_type=\"widget\" data-widget_type=\"spacer.default\">\n\t\t\t\t<div class=\"elementor-widget-container\">\n\t\t\t\t\t<div class=\"elementor-spacer\">\n\t\t\t<div class=\"elementor-spacer-inner\"><\/div>\n\t\t<\/div>\n\t\t\t\t<\/div>\n\t\t\t\t<\/div>\n\t\t\t\t\t<\/div>\n\t\t<\/div>\n\t\t\t\t\t\t\t<\/div>\n\t\t<\/section>\n\t\t\t\t<section class=\"elementor-section elementor-top-section elementor-element elementor-element-1823ad83 elementor-section-full_width elementor-section-height-default elementor-section-height-default\" data-id=\"1823ad83\" data-element_type=\"section\">\n\t\t\t\t\t\t<div class=\"elementor-container elementor-column-gap-default\">\n\t\t\t\t\t<div class=\"elementor-column elementor-col-33 elementor-top-column elementor-element elementor-element-5648bd96\" data-id=\"5648bd96\" data-element_type=\"column\">\n\t\t\t<div class=\"elementor-widget-wrap elementor-element-populated\">\n\t\t\t\t\t\t\t\t<div class=\"elementor-element elementor-element-218652c6 elementor-widget elementor-widget-image\" data-id=\"218652c6\" data-element_type=\"widget\" data-widget_type=\"image.default\">\n\t\t\t\t<div class=\"elementor-widget-container\">\n\t\t\t\t\t\t\t\t\t\t\t\t\t\t\t<img width=\"1024\" height=\"683\" src=\"https:\/\/esat-idefhi.fr\/wp-content\/uploads\/2021\/07\/esat-idefhi-165-1024x683.jpg\" class=\"attachment-large size-large\" alt=\"\" loading=\"lazy\" srcset=\"https:\/\/esat-idefhi.fr\/wp-content\/uploads\/2021\/07\/esat-idefhi-165-1024x683.jpg 1024w, https:\/\/esat-idefhi.fr\/wp-content\/uploads\/2021\/07\/esat-idefhi-165-300x200.jpg 300w, https:\/\/esat-idefhi.fr\/wp-content\/uploads\/2021\/07\/esat-idefhi-165-768x512.jpg 768w, https:\/\/esat-idefhi.fr\/wp-content\/uploads\/2021\/07\/esat-idefhi-165-1536x1024.jpg 1536w, https:\/\/esat-idefhi.fr\/wp-content\/uploads\/2021\/07\/esat-idefhi-165-2048x1365.jpg 2048w\" sizes=\"(max-width: 1024px) 100vw, 1024px\" \/>\t\t\t\t\t\t\t\t\t\t\t\t\t\t\t<\/div>\n\t\t\t\t<\/div>\n\t\t\t\t\t<\/div>\n\t\t<\/div>\n\t\t\t\t<div class=\"elementor-column elementor-col-33 elementor-top-column elementor-element elementor-element-35012d05\" data-id=\"35012d05\" data-element_type=\"column\">\n\t\t\t<div class=\"elementor-widget-wrap elementor-element-populated\">\n\t\t\t\t\t\t\t\t<div class=\"elementor-element elementor-element-4b364803 elementor-widget elementor-widget-image\" data-id=\"4b364803\" data-element_type=\"widget\" data-widget_type=\"image.default\">\n\t\t\t\t<div class=\"elementor-widget-container\">\n\t\t\t\t\t\t\t\t\t\t\t\t\t\t\t<img width=\"1024\" height=\"683\" src=\"https:\/\/esat-idefhi.fr\/wp-content\/uploads\/2021\/07\/DSC01046-1024x683.jpg\" class=\"attachment-large size-large\" alt=\"\" loading=\"lazy\" srcset=\"https:\/\/esat-idefhi.fr\/wp-content\/uploads\/2021\/07\/DSC01046-1024x683.jpg 1024w, https:\/\/esat-idefhi.fr\/wp-content\/uploads\/2021\/07\/DSC01046-300x200.jpg 300w, https:\/\/esat-idefhi.fr\/wp-content\/uploads\/2021\/07\/DSC01046-768x512.jpg 768w, https:\/\/esat-idefhi.fr\/wp-content\/uploads\/2021\/07\/DSC01046-1536x1024.jpg 1536w, https:\/\/esat-idefhi.fr\/wp-content\/uploads\/2021\/07\/DSC01046-2048x1365.jpg 2048w\" sizes=\"(max-width: 1024px) 100vw, 1024px\" \/>\t\t\t\t\t\t\t\t\t\t\t\t\t\t\t<\/div>\n\t\t\t\t<\/div>\n\t\t\t\t\t<\/div>\n\t\t<\/div>\n\t\t\t\t<div class=\"elementor-column elementor-col-33 elementor-top-column elementor-element elementor-element-4534a95d\" data-id=\"4534a95d\" data-element_type=\"column\">\n\t\t\t<div class=\"elementor-widget-wrap elementor-element-populated\">\n\t\t\t\t\t\t\t\t<div class=\"elementor-element elementor-element-f27519 elementor-widget elementor-widget-image\" data-id=\"f27519\" data-element_type=\"widget\" data-widget_type=\"image.default\">\n\t\t\t\t<div class=\"elementor-widget-container\">\n\t\t\t\t\t\t\t\t\t\t\t\t\t\t\t<img width=\"1024\" height=\"683\" src=\"https:\/\/esat-idefhi.fr\/wp-content\/uploads\/2021\/07\/esat-idefhi-151-1-1024x683.jpg\" class=\"attachment-large size-large\" alt=\"\" loading=\"lazy\" srcset=\"https:\/\/esat-idefhi.fr\/wp-content\/uploads\/2021\/07\/esat-idefhi-151-1-1024x683.jpg 1024w, https:\/\/esat-idefhi.fr\/wp-content\/uploads\/2021\/07\/esat-idefhi-151-1-300x200.jpg 300w, https:\/\/esat-idefhi.fr\/wp-content\/uploads\/2021\/07\/esat-idefhi-151-1-768x512.jpg 768w, https:\/\/esat-idefhi.fr\/wp-content\/uploads\/2021\/07\/esat-idefhi-151-1-1536x1024.jpg 1536w, https:\/\/esat-idefhi.fr\/wp-content\/uploads\/2021\/07\/esat-idefhi-151-1-2048x1365.jpg 2048w\" sizes=\"(max-width: 1024px) 100vw, 1024px\" \/>\t\t\t\t\t\t\t\t\t\t\t\t\t\t\t<\/div>\n\t\t\t\t<\/div>\n\t\t\t\t\t<\/div>\n\t\t<\/div>\n\t\t\t\t\t\t\t<\/div>\n\t\t<\/section>\n\t\t\t\t<section class=\"elementor-section elementor-top-section elementor-element elementor-element-34871de1 elementor-section-boxed elementor-section-height-default elementor-section-height-default\" data-id=\"34871de1\" data-element_type=\"section\">\n\t\t\t\t\t\t<div class=\"elementor-container elementor-column-gap-default\">\n\t\t\t\t\t<div class=\"elementor-column elementor-col-100 elementor-top-column elementor-element elementor-element-617b4e74\" data-id=\"617b4e74\" data-element_type=\"column\">\n\t\t\t<div class=\"elementor-widget-wrap elementor-element-populated\">\n\t\t\t\t\t\t\t\t<div class=\"elementor-element elementor-element-732368de elementor-widget elementor-widget-spacer\" data-id=\"732368de\" data-element_type=\"widget\" data-widget_type=\"spacer.default\">\n\t\t\t\t<div class=\"elementor-widget-container\">\n\t\t\t\t\t<div class=\"elementor-spacer\">\n\t\t\t<div class=\"elementor-spacer-inner\"><\/div>\n\t\t<\/div>\n\t\t\t\t<\/div>\n\t\t\t\t<\/div>\n\t\t\t\t<div class=\"elementor-element elementor-element-5c3b03ca elementor-widget elementor-widget-text-editor\" data-id=\"5c3b03ca\" data-element_type=\"widget\" data-widget_type=\"text-editor.default\">\n\t\t\t\t<div class=\"elementor-widget-container\">\n\t\t\t\t\t\t\t\t<p>S\u2019inspirant de nos terres pour la confection des menus,\u00a0 nos cuisiniers du traiteur et du Restaurant \u00ab\u00a0Le Clos des Roses\u00a0\u00bb pr\u00e9parent de savoureux plats en cuisinant nos propres produits.<\/p>\t\t\t\t\t\t<\/div>\n\t\t\t\t<\/div>\n\t\t\t\t<div class=\"elementor-element elementor-element-7149fba6 elementor-widget elementor-widget-spacer\" data-id=\"7149fba6\" data-element_type=\"widget\" data-widget_type=\"spacer.default\">\n\t\t\t\t<div class=\"elementor-widget-container\">\n\t\t\t\t\t<div class=\"elementor-spacer\">\n\t\t\t<div class=\"elementor-spacer-inner\"><\/div>\n\t\t<\/div>\n\t\t\t\t<\/div>\n\t\t\t\t<\/div>\n\t\t\t\t\t<\/div>\n\t\t<\/div>\n\t\t\t\t\t\t\t<\/div>\n\t\t<\/section>\n\t\t\t\t<section class=\"elementor-section elementor-top-section elementor-element elementor-element-35bbeac7 elementor-section-full_width elementor-section-height-min-height elementor-section-height-default elementor-section-items-middle\" data-id=\"35bbeac7\" data-element_type=\"section\" data-settings=\"{&quot;background_background&quot;:&quot;classic&quot;}\">\n\t\t\t\t\t\t<div class=\"elementor-container elementor-column-gap-default\">\n\t\t\t\t\t<div class=\"elementor-column elementor-col-50 elementor-top-column elementor-element elementor-element-4bce9e89\" data-id=\"4bce9e89\" data-element_type=\"column\">\n\t\t\t<div class=\"elementor-widget-wrap elementor-element-populated\">\n\t\t\t\t\t\t\t\t<div class=\"elementor-element elementor-element-76d99106 elementor-view-default elementor-widget elementor-widget-icon\" data-id=\"76d99106\" data-element_type=\"widget\" data-widget_type=\"icon.default\">\n\t\t\t\t<div class=\"elementor-widget-container\">\n\t\t\t\t\t<div class=\"elementor-icon-wrapper\">\n\t\t\t<div class=\"elementor-icon\">\n\t\t\t<i aria-hidden=\"true\" class=\"fas fa-phone\"><\/i>\t\t\t<\/div>\n\t\t<\/div>\n\t\t\t\t<\/div>\n\t\t\t\t<\/div>\n\t\t\t\t\t<\/div>\n\t\t<\/div>\n\t\t\t\t<div class=\"elementor-column elementor-col-50 elementor-top-column elementor-element elementor-element-172841e4\" data-id=\"172841e4\" data-element_type=\"column\">\n\t\t\t<div class=\"elementor-widget-wrap elementor-element-populated\">\n\t\t\t\t\t\t\t\t<div class=\"elementor-element elementor-element-3eb0ada9 elementor-widget elementor-widget-heading\" data-id=\"3eb0ada9\" data-element_type=\"widget\" data-widget_type=\"heading.default\">\n\t\t\t\t<div class=\"elementor-widget-container\">\n\t\t\t<h2 class=\"elementor-heading-title elementor-size-default\">Cyrille est \u00e0 votre service :<\/h2>\t\t<\/div>\n\t\t\t\t<\/div>\n\t\t\t\t<div class=\"elementor-element elementor-element-5dfc0b8a elementor-widget elementor-widget-text-editor\" data-id=\"5dfc0b8a\" data-element_type=\"widget\" data-widget_type=\"text-editor.default\">\n\t\t\t\t<div class=\"elementor-widget-container\">\n\t\t\t\t\t\t\t\t<p>06 45 67 88 43<\/p>\t\t\t\t\t\t<\/div>\n\t\t\t\t<\/div>\n\t\t\t\t<div class=\"elementor-element elementor-element-66df1203 elementor-widget elementor-widget-text-editor\" data-id=\"66df1203\" data-element_type=\"widget\" data-widget_type=\"text-editor.default\">\n\t\t\t\t<div class=\"elementor-widget-container\">\n\t\t\t\t\t\t\t\t<p>cyrille.lebret@idefhi.fr&nbsp;<\/p>\t\t\t\t\t\t<\/div>\n\t\t\t\t<\/div>\n\t\t\t\t\t<\/div>\n\t\t<\/div>\n\t\t\t\t\t\t\t<\/div>\n\t\t<\/section>\n\t\t\t\t\t\t<\/div>\n\t\t\t\t\t<\/div>\n\t\t","protected":false},"excerpt":{"rendered":"<p>Des fruits &#038; l\u00e9gumes frais, de nos terres jusqu\u2019\u00e0 vos assiettes ! Avec nos 2 hectares de terres situ\u00e9es au sein m\u00eame de l\u2019IDEFHI,\u00a0 notre \u00e9quipe du mara\u00eechage\u00a0 fait pousser pour vous, des fruits &amp; l\u00e9gumes frais, de saisons, cultiv\u00e9s avec soin dans le respect d\u2019une d\u00e9marche raisonn\u00e9e. Vous souhaitez cuisiner des produits sains ?&#8230;<\/p>\n","protected":false},"author":1,"featured_media":0,"parent":57,"menu_order":0,"comment_status":"closed","ping_status":"closed","template":"","meta":{"om_disable_all_campaigns":false,"_monsterinsights_skip_tracking":false,"_monsterinsights_sitenote_active":false,"_monsterinsights_sitenote_note":"","_monsterinsights_sitenote_category":0,"_kad_post_transparent":"","_kad_post_title":"hide","_kad_post_layout":"fullwidth","_kad_post_sidebar_id":"","_kad_post_content_style":"unboxed","_kad_post_vertical_padding":"hide","_kad_post_feature":"hide","_kad_post_feature_position":"","_kad_post_header":false,"_kad_post_footer":false},"_links":{"self":[{"href":"https:\/\/esat-idefhi.fr\/index.php?rest_route=\/wp\/v2\/pages\/91"}],"collection":[{"href":"https:\/\/esat-idefhi.fr\/index.php?rest_route=\/wp\/v2\/pages"}],"about":[{"href":"https:\/\/esat-idefhi.fr\/index.php?rest_route=\/wp\/v2\/types\/page"}],"author":[{"embeddable":true,"href":"https:\/\/esat-idefhi.fr\/index.php?rest_route=\/wp\/v2\/users\/1"}],"replies":[{"embeddable":true,"href":"https:\/\/esat-idefhi.fr\/index.php?rest_route=%2Fwp%2Fv2%2Fcomments&post=91"}],"version-history":[{"count":182,"href":"https:\/\/esat-idefhi.fr\/index.php?rest_route=\/wp\/v2\/pages\/91\/revisions"}],"predecessor-version":[{"id":7648,"href":"https:\/\/esat-idefhi.fr\/index.php?rest_route=\/wp\/v2\/pages\/91\/revisions\/7648"}],"up":[{"embeddable":true,"href":"https:\/\/esat-idefhi.fr\/index.php?rest_route=\/wp\/v2\/pages\/57"}],"wp:attachment":[{"href":"https:\/\/esat-idefhi.fr\/index.php?rest_route=%2Fwp%2Fv2%2Fmedia&parent=91"}],"curies":[{"name":"wp","href":"https:\/\/api.w.org\/{rel}","templated":true}]}}