{"id":89,"date":"2021-07-02T15:42:36","date_gmt":"2021-07-02T13:42:36","guid":{"rendered":"http:\/\/esat-truffaut.fr\/?page_id=89"},"modified":"2026-03-11T11:45:49","modified_gmt":"2026-03-11T10:45:49","slug":"traiteur","status":"publish","type":"page","link":"https:\/\/esat-idefhi.fr\/?page_id=89","title":{"rendered":"Traiteur"},"content":{"rendered":"\t\t<div data-elementor-type=\"wp-page\" data-elementor-id=\"89\" class=\"elementor elementor-89\" data-elementor-settings=\"[]\">\n\t\t\t\t\t\t\t<div class=\"elementor-section-wrap\">\n\t\t\t\t\t\t\t<section class=\"elementor-section elementor-top-section elementor-element elementor-element-5a2ff869 elementor-section-boxed elementor-section-height-default elementor-section-height-default\" data-id=\"5a2ff869\" data-element_type=\"section\">\n\t\t\t\t\t\t<div class=\"elementor-container elementor-column-gap-default\">\n\t\t\t\t\t<div class=\"elementor-column elementor-col-100 elementor-top-column elementor-element elementor-element-3c688e04\" data-id=\"3c688e04\" data-element_type=\"column\">\n\t\t\t<div class=\"elementor-widget-wrap elementor-element-populated\">\n\t\t\t\t\t\t\t\t<div class=\"elementor-element elementor-element-2b051ea6 elementor-widget elementor-widget-image\" data-id=\"2b051ea6\" data-element_type=\"widget\" data-widget_type=\"image.default\">\n\t\t\t\t<div class=\"elementor-widget-container\">\n\t\t\t\t\t\t\t\t\t\t\t\t\t\t\t<img width=\"669\" height=\"668\" src=\"https:\/\/esat-idefhi.fr\/wp-content\/uploads\/2021\/07\/traiteur-logo-800PX.png\" class=\"attachment-full size-full\" alt=\"\" loading=\"lazy\" srcset=\"https:\/\/esat-idefhi.fr\/wp-content\/uploads\/2021\/07\/traiteur-logo-800PX.png 669w, https:\/\/esat-idefhi.fr\/wp-content\/uploads\/2021\/07\/traiteur-logo-800PX-300x300.png 300w, https:\/\/esat-idefhi.fr\/wp-content\/uploads\/2021\/07\/traiteur-logo-800PX-150x150.png 150w\" sizes=\"(max-width: 669px) 100vw, 669px\" \/>\t\t\t\t\t\t\t\t\t\t\t\t\t\t\t<\/div>\n\t\t\t\t<\/div>\n\t\t\t\t\t<\/div>\n\t\t<\/div>\n\t\t\t\t\t\t\t<\/div>\n\t\t<\/section>\n\t\t\t\t<section class=\"elementor-section elementor-top-section elementor-element elementor-element-27dce33d elementor-section-boxed elementor-section-height-default elementor-section-height-default\" data-id=\"27dce33d\" data-element_type=\"section\">\n\t\t\t\t\t\t<div class=\"elementor-container elementor-column-gap-default\">\n\t\t\t\t\t<div class=\"elementor-column elementor-col-100 elementor-top-column elementor-element elementor-element-6c618173\" data-id=\"6c618173\" data-element_type=\"column\">\n\t\t\t<div class=\"elementor-widget-wrap elementor-element-populated\">\n\t\t\t\t\t\t\t\t<div class=\"elementor-element elementor-element-2b82d2ec elementor-hidden-phone elementor-widget elementor-widget-spacer\" data-id=\"2b82d2ec\" data-element_type=\"widget\" data-widget_type=\"spacer.default\">\n\t\t\t\t<div class=\"elementor-widget-container\">\n\t\t\t\t\t<div class=\"elementor-spacer\">\n\t\t\t<div class=\"elementor-spacer-inner\"><\/div>\n\t\t<\/div>\n\t\t\t\t<\/div>\n\t\t\t\t<\/div>\n\t\t\t\t<div class=\"elementor-element elementor-element-bf747cb elementor-widget elementor-widget-heading\" data-id=\"bf747cb\" data-element_type=\"widget\" data-widget_type=\"heading.default\">\n\t\t\t\t<div class=\"elementor-widget-container\">\n\t\t\t<h2 class=\"elementor-heading-title elementor-size-default\">Milles &amp; une saveurs \u00e0 partager au travail ou en famille !<\/h2>\t\t<\/div>\n\t\t\t\t<\/div>\n\t\t\t\t<div class=\"elementor-element elementor-element-5b2723c3 elementor-widget elementor-widget-text-editor\" data-id=\"5b2723c3\" data-element_type=\"widget\" data-widget_type=\"text-editor.default\">\n\t\t\t\t<div class=\"elementor-widget-container\">\n\t\t\t\t\t\t\t\t<p>Pour des instants partag\u00e9s en toute convivialit\u00e9, au travail ou en famille, nos travailleurs vous proposent une cuisine saine, \u00e9labor\u00e9e avec les produits de notre ESAT (pains bio, p\u00e2tisseries, fruits et l\u00e9gumes).<\/p>\t\t\t\t\t\t<\/div>\n\t\t\t\t<\/div>\n\t\t\t\t<div class=\"elementor-element elementor-element-f3d06f4 elementor-widget elementor-widget-text-editor\" data-id=\"f3d06f4\" data-element_type=\"widget\" data-widget_type=\"text-editor.default\">\n\t\t\t\t<div class=\"elementor-widget-container\">\n\t\t\t\t\t\t\t\t<p>Des <strong>plateaux repas<\/strong> pour vos r\u00e9unions, des <strong>buffets et mignardises<\/strong> pour vos \u00e9v\u00e8nements, des <strong>plats \u00e0 emporter <\/strong>\u00a0pour les plus press\u00e9s : autant de choix pour satisfaire toutes vos envies\u00a0!<\/p><p>Retrouvez certains de nos <strong>plats sur le pouce<\/strong> <strong>en vente libre<\/strong> \u00e0 \u00e9picerie \u00ab\u00a0Les Halles de Truffaut\u00a0\u00bb !\u00a0<\/p>\t\t\t\t\t\t<\/div>\n\t\t\t\t<\/div>\n\t\t\t\t<div class=\"elementor-element elementor-element-2dbdb8e3 elementor-widget elementor-widget-text-editor\" data-id=\"2dbdb8e3\" data-element_type=\"widget\" data-settings=\"{&quot;_animation&quot;:&quot;none&quot;}\" data-widget_type=\"text-editor.default\">\n\t\t\t\t<div class=\"elementor-widget-container\">\n\t\t\t\t\t\t\t\t<p><strong>\u00a0<\/strong><\/p><p><strong>Accueil caf\u00e9\u00a0 \u00a0&#8211;\u00a0 \u00a0P<\/strong><strong style=\"color: var( --e-global-color-kadence4 ); background-color: transparent;\">lateaux repas\u00a0 \u00a0&#8211;\u00a0 \u00a0Location de vaisselle &amp; mobilier\u00a0 \u00a0&#8211;\u00a0 \u00a0Buffet\/cocktail\u00a0 \u00a0&#8211;\u00a0 \u00a0Salle de r\u00e9ception<\/strong><\/p>\t\t\t\t\t\t<\/div>\n\t\t\t\t<\/div>\n\t\t\t\t<div class=\"elementor-element elementor-element-5cc3891 elementor-widget elementor-widget-spacer\" data-id=\"5cc3891\" data-element_type=\"widget\" data-widget_type=\"spacer.default\">\n\t\t\t\t<div class=\"elementor-widget-container\">\n\t\t\t\t\t<div class=\"elementor-spacer\">\n\t\t\t<div class=\"elementor-spacer-inner\"><\/div>\n\t\t<\/div>\n\t\t\t\t<\/div>\n\t\t\t\t<\/div>\n\t\t\t\t\t<\/div>\n\t\t<\/div>\n\t\t\t\t\t\t\t<\/div>\n\t\t<\/section>\n\t\t\t\t<section class=\"elementor-section elementor-top-section elementor-element elementor-element-280b0887 elementor-section-boxed elementor-section-height-default elementor-section-height-default\" data-id=\"280b0887\" data-element_type=\"section\">\n\t\t\t\t\t\t<div class=\"elementor-container elementor-column-gap-default\">\n\t\t\t\t\t<div class=\"elementor-column elementor-col-100 elementor-top-column elementor-element elementor-element-4b301cbc\" data-id=\"4b301cbc\" data-element_type=\"column\">\n\t\t\t<div class=\"elementor-widget-wrap elementor-element-populated\">\n\t\t\t\t\t\t\t\t<div class=\"elementor-element elementor-element-63431ec elementor-widget elementor-widget-spacer\" data-id=\"63431ec\" data-element_type=\"widget\" data-widget_type=\"spacer.default\">\n\t\t\t\t<div class=\"elementor-widget-container\">\n\t\t\t\t\t<div class=\"elementor-spacer\">\n\t\t\t<div class=\"elementor-spacer-inner\"><\/div>\n\t\t<\/div>\n\t\t\t\t<\/div>\n\t\t\t\t<\/div>\n\t\t\t\t<div class=\"elementor-element elementor-element-4472ca6a elementor-view-default elementor-position-top elementor-vertical-align-top elementor-widget elementor-widget-icon-box\" data-id=\"4472ca6a\" data-element_type=\"widget\" data-widget_type=\"icon-box.default\">\n\t\t\t\t<div class=\"elementor-widget-container\">\n\t\t\t\t\t<div class=\"elementor-icon-box-wrapper\">\n\t\t\t\t\t\t<div class=\"elementor-icon-box-icon\">\n\t\t\t\t<a class=\"elementor-icon elementor-animation-\" href=\"http:\/\/esat-truffaut.fr\/wp-content\/uploads\/2024\/11\/ESAT-IDEFHI-Liste-produits-et-services-2024.pdf\" target=\"_blank\">\n\t\t\t\t<i aria-hidden=\"true\" class=\"far fa-file-pdf\"><\/i>\t\t\t\t<\/a>\n\t\t\t<\/div>\n\t\t\t\t\t\t<div class=\"elementor-icon-box-content\">\n\t\t\t\t<h3 class=\"elementor-icon-box-title\">\n\t\t\t\t\t<a href=\"http:\/\/esat-truffaut.fr\/wp-content\/uploads\/2024\/11\/ESAT-IDEFHI-Liste-produits-et-services-2024.pdf\" target=\"_blank\">D\u00e9couvrez notre offre !<\/a>\n\t\t\t\t<\/h3>\n\t\t\t\t\t\t\t<\/div>\n\t\t<\/div>\n\t\t\t\t<\/div>\n\t\t\t\t<\/div>\n\t\t\t\t\t<\/div>\n\t\t<\/div>\n\t\t\t\t\t\t\t<\/div>\n\t\t<\/section>\n\t\t\t\t<section class=\"elementor-section elementor-top-section elementor-element elementor-element-4d4a5425 elementor-section-full_width elementor-section-height-default elementor-section-height-default\" data-id=\"4d4a5425\" data-element_type=\"section\">\n\t\t\t\t\t\t<div class=\"elementor-container elementor-column-gap-default\">\n\t\t\t\t\t<div class=\"elementor-column elementor-col-33 elementor-top-column elementor-element elementor-element-6346f6b4\" data-id=\"6346f6b4\" data-element_type=\"column\">\n\t\t\t<div class=\"elementor-widget-wrap elementor-element-populated\">\n\t\t\t\t\t\t\t\t<div class=\"elementor-element elementor-element-3f334617 elementor-widget elementor-widget-image\" data-id=\"3f334617\" data-element_type=\"widget\" data-widget_type=\"image.default\">\n\t\t\t\t<div class=\"elementor-widget-container\">\n\t\t\t\t\t\t\t\t\t\t\t\t\t\t\t<img width=\"1024\" height=\"683\" src=\"https:\/\/esat-idefhi.fr\/wp-content\/uploads\/2021\/07\/DSC00550-1-1024x683.jpg\" class=\"attachment-large size-large\" alt=\"\" loading=\"lazy\" srcset=\"https:\/\/esat-idefhi.fr\/wp-content\/uploads\/2021\/07\/DSC00550-1-1024x683.jpg 1024w, https:\/\/esat-idefhi.fr\/wp-content\/uploads\/2021\/07\/DSC00550-1-300x200.jpg 300w, https:\/\/esat-idefhi.fr\/wp-content\/uploads\/2021\/07\/DSC00550-1-768x512.jpg 768w, https:\/\/esat-idefhi.fr\/wp-content\/uploads\/2021\/07\/DSC00550-1-1536x1024.jpg 1536w, https:\/\/esat-idefhi.fr\/wp-content\/uploads\/2021\/07\/DSC00550-1-2048x1365.jpg 2048w\" sizes=\"(max-width: 1024px) 100vw, 1024px\" \/>\t\t\t\t\t\t\t\t\t\t\t\t\t\t\t<\/div>\n\t\t\t\t<\/div>\n\t\t\t\t\t<\/div>\n\t\t<\/div>\n\t\t\t\t<div class=\"elementor-column elementor-col-33 elementor-top-column elementor-element elementor-element-35a87881\" data-id=\"35a87881\" data-element_type=\"column\">\n\t\t\t<div class=\"elementor-widget-wrap elementor-element-populated\">\n\t\t\t\t\t\t\t\t<div class=\"elementor-element elementor-element-4fd2f1a5 elementor-widget elementor-widget-image\" data-id=\"4fd2f1a5\" data-element_type=\"widget\" data-widget_type=\"image.default\">\n\t\t\t\t<div class=\"elementor-widget-container\">\n\t\t\t\t\t\t\t\t\t\t\t\t\t\t\t<img width=\"1024\" height=\"683\" src=\"https:\/\/esat-idefhi.fr\/wp-content\/uploads\/2021\/07\/DSC00283-2-1024x683.jpg\" class=\"attachment-large size-large\" alt=\"\" loading=\"lazy\" srcset=\"https:\/\/esat-idefhi.fr\/wp-content\/uploads\/2021\/07\/DSC00283-2-1024x683.jpg 1024w, https:\/\/esat-idefhi.fr\/wp-content\/uploads\/2021\/07\/DSC00283-2-300x200.jpg 300w, https:\/\/esat-idefhi.fr\/wp-content\/uploads\/2021\/07\/DSC00283-2-768x512.jpg 768w, https:\/\/esat-idefhi.fr\/wp-content\/uploads\/2021\/07\/DSC00283-2-1536x1024.jpg 1536w, https:\/\/esat-idefhi.fr\/wp-content\/uploads\/2021\/07\/DSC00283-2-2048x1365.jpg 2048w\" sizes=\"(max-width: 1024px) 100vw, 1024px\" \/>\t\t\t\t\t\t\t\t\t\t\t\t\t\t\t<\/div>\n\t\t\t\t<\/div>\n\t\t\t\t\t<\/div>\n\t\t<\/div>\n\t\t\t\t<div class=\"elementor-column elementor-col-33 elementor-top-column elementor-element elementor-element-6bee84c8\" data-id=\"6bee84c8\" data-element_type=\"column\">\n\t\t\t<div class=\"elementor-widget-wrap elementor-element-populated\">\n\t\t\t\t\t\t\t\t<div class=\"elementor-element elementor-element-70a49fee elementor-widget elementor-widget-image\" data-id=\"70a49fee\" data-element_type=\"widget\" data-widget_type=\"image.default\">\n\t\t\t\t<div class=\"elementor-widget-container\">\n\t\t\t\t\t\t\t\t\t\t\t\t\t\t\t<img width=\"1024\" height=\"683\" src=\"https:\/\/esat-idefhi.fr\/wp-content\/uploads\/2021\/07\/DSC00277-1024x683.jpg\" class=\"attachment-large size-large\" alt=\"\" loading=\"lazy\" srcset=\"https:\/\/esat-idefhi.fr\/wp-content\/uploads\/2021\/07\/DSC00277-1024x683.jpg 1024w, https:\/\/esat-idefhi.fr\/wp-content\/uploads\/2021\/07\/DSC00277-300x200.jpg 300w, https:\/\/esat-idefhi.fr\/wp-content\/uploads\/2021\/07\/DSC00277-768x512.jpg 768w, https:\/\/esat-idefhi.fr\/wp-content\/uploads\/2021\/07\/DSC00277-1536x1024.jpg 1536w, https:\/\/esat-idefhi.fr\/wp-content\/uploads\/2021\/07\/DSC00277-2048x1365.jpg 2048w\" sizes=\"(max-width: 1024px) 100vw, 1024px\" \/>\t\t\t\t\t\t\t\t\t\t\t\t\t\t\t<\/div>\n\t\t\t\t<\/div>\n\t\t\t\t\t<\/div>\n\t\t<\/div>\n\t\t\t\t\t\t\t<\/div>\n\t\t<\/section>\n\t\t\t\t<section class=\"elementor-section elementor-top-section elementor-element elementor-element-32a6319b elementor-section-full_width elementor-section-height-min-height elementor-section-height-default elementor-section-items-middle\" data-id=\"32a6319b\" data-element_type=\"section\" data-settings=\"{&quot;background_background&quot;:&quot;classic&quot;}\">\n\t\t\t\t\t\t<div class=\"elementor-container elementor-column-gap-default\">\n\t\t\t\t\t<div class=\"elementor-column elementor-col-50 elementor-top-column elementor-element elementor-element-6ba2e717\" data-id=\"6ba2e717\" data-element_type=\"column\">\n\t\t\t<div class=\"elementor-widget-wrap elementor-element-populated\">\n\t\t\t\t\t\t\t\t<div class=\"elementor-element elementor-element-17e95cb5 elementor-view-default elementor-widget elementor-widget-icon\" data-id=\"17e95cb5\" data-element_type=\"widget\" data-widget_type=\"icon.default\">\n\t\t\t\t<div class=\"elementor-widget-container\">\n\t\t\t\t\t<div class=\"elementor-icon-wrapper\">\n\t\t\t<div class=\"elementor-icon\">\n\t\t\t<i aria-hidden=\"true\" class=\"fas fa-phone\"><\/i>\t\t\t<\/div>\n\t\t<\/div>\n\t\t\t\t<\/div>\n\t\t\t\t<\/div>\n\t\t\t\t\t<\/div>\n\t\t<\/div>\n\t\t\t\t<div class=\"elementor-column elementor-col-50 elementor-top-column elementor-element elementor-element-687b3d87\" data-id=\"687b3d87\" data-element_type=\"column\">\n\t\t\t<div class=\"elementor-widget-wrap elementor-element-populated\">\n\t\t\t\t\t\t\t\t<div class=\"elementor-element elementor-element-af1b96f elementor-widget elementor-widget-heading\" data-id=\"af1b96f\" data-element_type=\"widget\" data-widget_type=\"heading.default\">\n\t\t\t\t<div class=\"elementor-widget-container\">\n\t\t\t<h2 class=\"elementor-heading-title elementor-size-default\">L'ESAT IDEFHI \u00e0 votre service<\/h2>\t\t<\/div>\n\t\t\t\t<\/div>\n\t\t\t\t<div class=\"elementor-element elementor-element-6ba45211 elementor-widget elementor-widget-heading\" data-id=\"6ba45211\" data-element_type=\"widget\" data-widget_type=\"heading.default\">\n\t\t\t\t<div class=\"elementor-widget-container\">\n\t\t\t<h2 class=\"elementor-heading-title elementor-size-default\">Service commercial<\/h2>\t\t<\/div>\n\t\t\t\t<\/div>\n\t\t\t\t<div class=\"elementor-element elementor-element-76e303da elementor-widget elementor-widget-text-editor\" data-id=\"76e303da\" data-element_type=\"widget\" data-widget_type=\"text-editor.default\">\n\t\t\t\t<div class=\"elementor-widget-container\">\n\t\t\t\t\t\t\t\t<p>06 35 41 65 53<\/p>\t\t\t\t\t\t<\/div>\n\t\t\t\t<\/div>\n\t\t\t\t<div class=\"elementor-element elementor-element-243442b1 elementor-widget elementor-widget-text-editor\" data-id=\"243442b1\" data-element_type=\"widget\" data-widget_type=\"text-editor.default\">\n\t\t\t\t<div class=\"elementor-widget-container\">\n\t\t\t\t\t\t\t\t<p>esat@idefhi.fr<\/p>\t\t\t\t\t\t<\/div>\n\t\t\t\t<\/div>\n\t\t\t\t\t<\/div>\n\t\t<\/div>\n\t\t\t\t\t\t\t<\/div>\n\t\t<\/section>\n\t\t\t\t\t\t<\/div>\n\t\t\t\t\t<\/div>\n\t\t","protected":false},"excerpt":{"rendered":"<p>Milles &amp; une saveurs \u00e0 partager au travail ou en famille ! Pour des instants partag\u00e9s en toute convivialit\u00e9, au travail ou en famille, nos travailleurs vous proposent une cuisine saine, \u00e9labor\u00e9e avec les produits de notre ESAT (pains bio, p\u00e2tisseries, fruits et l\u00e9gumes). Des plateaux repas pour vos r\u00e9unions, des buffets et mignardises pour&#8230;<\/p>\n","protected":false},"author":1,"featured_media":0,"parent":0,"menu_order":0,"comment_status":"closed","ping_status":"closed","template":"","meta":{"om_disable_all_campaigns":false,"_monsterinsights_skip_tracking":false,"_monsterinsights_sitenote_active":false,"_monsterinsights_sitenote_note":"","_monsterinsights_sitenote_category":0,"_kad_post_transparent":"","_kad_post_title":"hide","_kad_post_layout":"fullwidth","_kad_post_sidebar_id":"","_kad_post_content_style":"unboxed","_kad_post_vertical_padding":"hide","_kad_post_feature":"hide","_kad_post_feature_position":"","_kad_post_header":false,"_kad_post_footer":false},"_links":{"self":[{"href":"https:\/\/esat-idefhi.fr\/index.php?rest_route=\/wp\/v2\/pages\/89"}],"collection":[{"href":"https:\/\/esat-idefhi.fr\/index.php?rest_route=\/wp\/v2\/pages"}],"about":[{"href":"https:\/\/esat-idefhi.fr\/index.php?rest_route=\/wp\/v2\/types\/page"}],"author":[{"embeddable":true,"href":"https:\/\/esat-idefhi.fr\/index.php?rest_route=\/wp\/v2\/users\/1"}],"replies":[{"embeddable":true,"href":"https:\/\/esat-idefhi.fr\/index.php?rest_route=%2Fwp%2Fv2%2Fcomments&post=89"}],"version-history":[{"count":209,"href":"https:\/\/esat-idefhi.fr\/index.php?rest_route=\/wp\/v2\/pages\/89\/revisions"}],"predecessor-version":[{"id":7673,"href":"https:\/\/esat-idefhi.fr\/index.php?rest_route=\/wp\/v2\/pages\/89\/revisions\/7673"}],"wp:attachment":[{"href":"https:\/\/esat-idefhi.fr\/index.php?rest_route=%2Fwp%2Fv2%2Fmedia&parent=89"}],"curies":[{"name":"wp","href":"https:\/\/api.w.org\/{rel}","templated":true}]}}