{"id":47,"date":"2021-07-02T10:48:58","date_gmt":"2021-07-02T08:48:58","guid":{"rendered":"http:\/\/esat-truffaut.fr\/?page_id=47"},"modified":"2025-09-30T11:36:13","modified_gmt":"2025-09-30T09:36:13","slug":"notre-appartenance","status":"publish","type":"page","link":"https:\/\/esat-idefhi.fr\/?page_id=47","title":{"rendered":"Notre appartenance"},"content":{"rendered":"\t\t<div data-elementor-type=\"wp-page\" data-elementor-id=\"47\" class=\"elementor elementor-47\" data-elementor-settings=\"[]\">\n\t\t\t\t\t\t\t<div class=\"elementor-section-wrap\">\n\t\t\t\t\t\t\t<section class=\"elementor-section elementor-top-section elementor-element elementor-element-84f939c elementor-section-boxed elementor-section-height-default elementor-section-height-default\" data-id=\"84f939c\" data-element_type=\"section\">\n\t\t\t\t\t\t<div class=\"elementor-container elementor-column-gap-default\">\n\t\t\t\t\t<div class=\"elementor-column elementor-col-100 elementor-top-column elementor-element elementor-element-9497877\" data-id=\"9497877\" data-element_type=\"column\">\n\t\t\t<div class=\"elementor-widget-wrap elementor-element-populated\">\n\t\t\t\t\t\t\t\t<div class=\"elementor-element elementor-element-82be8d2 elementor-widget elementor-widget-spacer\" data-id=\"82be8d2\" data-element_type=\"widget\" data-widget_type=\"spacer.default\">\n\t\t\t\t<div class=\"elementor-widget-container\">\n\t\t\t\t\t<div class=\"elementor-spacer\">\n\t\t\t<div class=\"elementor-spacer-inner\"><\/div>\n\t\t<\/div>\n\t\t\t\t<\/div>\n\t\t\t\t<\/div>\n\t\t\t\t\t<\/div>\n\t\t<\/div>\n\t\t\t\t\t\t\t<\/div>\n\t\t<\/section>\n\t\t\t\t<section class=\"elementor-section elementor-top-section elementor-element elementor-element-1f3febf elementor-section-full_width elementor-section-height-default elementor-section-height-default\" data-id=\"1f3febf\" data-element_type=\"section\" data-settings=\"{&quot;background_background&quot;:&quot;classic&quot;}\">\n\t\t\t\t\t\t<div class=\"elementor-container elementor-column-gap-default\">\n\t\t\t\t\t<div class=\"elementor-column elementor-col-50 elementor-top-column elementor-element elementor-element-0f00edb\" data-id=\"0f00edb\" data-element_type=\"column\">\n\t\t\t<div class=\"elementor-widget-wrap elementor-element-populated\">\n\t\t\t\t\t\t\t\t<div class=\"elementor-element elementor-element-7ff0539 elementor-widget elementor-widget-heading\" data-id=\"7ff0539\" data-element_type=\"widget\" data-widget_type=\"heading.default\">\n\t\t\t\t<div class=\"elementor-widget-container\">\n\t\t\t<h2 class=\"elementor-heading-title elementor-size-default\">Notre appartenance<\/h2>\t\t<\/div>\n\t\t\t\t<\/div>\n\t\t\t\t<div class=\"elementor-element elementor-element-fad08b9 elementor-hidden-phone elementor-hidden-tablet elementor-widget-divider--view-line elementor-widget elementor-widget-divider\" data-id=\"fad08b9\" data-element_type=\"widget\" data-widget_type=\"divider.default\">\n\t\t\t\t<div class=\"elementor-widget-container\">\n\t\t\t\t\t<div class=\"elementor-divider\">\n\t\t\t<span class=\"elementor-divider-separator\">\n\t\t\t\t\t\t<\/span>\n\t\t<\/div>\n\t\t\t\t<\/div>\n\t\t\t\t<\/div>\n\t\t\t\t<div class=\"elementor-element elementor-element-1cdfd55 elementor-widget elementor-widget-text-editor\" data-id=\"1cdfd55\" data-element_type=\"widget\" data-widget_type=\"text-editor.default\">\n\t\t\t\t<div class=\"elementor-widget-container\">\n\t\t\t\t\t\t\t\t<p>L\u2019ESAT IDEFHI est rattach\u00e9 au centre Fran\u00e7ois Truffaut, qui d\u00e9pend lui-m\u00eame de l\u2019IDEFHI.<\/p>\t\t\t\t\t\t<\/div>\n\t\t\t\t<\/div>\n\t\t\t\t\t<\/div>\n\t\t<\/div>\n\t\t\t\t<div class=\"elementor-column elementor-col-50 elementor-top-column elementor-element elementor-element-b8d9235\" data-id=\"b8d9235\" data-element_type=\"column\">\n\t\t\t<div class=\"elementor-widget-wrap elementor-element-populated\">\n\t\t\t\t\t\t\t\t<div class=\"elementor-element elementor-element-8ce3e3e animated-slow elementor-invisible elementor-widget elementor-widget-image\" data-id=\"8ce3e3e\" data-element_type=\"widget\" data-settings=\"{&quot;_animation&quot;:&quot;fadeInRight&quot;}\" data-widget_type=\"image.default\">\n\t\t\t\t<div class=\"elementor-widget-container\">\n\t\t\t\t\t\t\t\t\t\t\t\t\t\t\t<img width=\"768\" height=\"507\" src=\"https:\/\/esat-idefhi.fr\/wp-content\/uploads\/2021\/07\/NOTRE-APPARTENANCE-ESAT-768x507.png\" class=\"attachment-medium_large size-medium_large\" alt=\"\" loading=\"lazy\" srcset=\"https:\/\/esat-idefhi.fr\/wp-content\/uploads\/2021\/07\/NOTRE-APPARTENANCE-ESAT-768x507.png 768w, https:\/\/esat-idefhi.fr\/wp-content\/uploads\/2021\/07\/NOTRE-APPARTENANCE-ESAT-300x198.png 300w, https:\/\/esat-idefhi.fr\/wp-content\/uploads\/2021\/07\/NOTRE-APPARTENANCE-ESAT-1024x676.png 1024w, https:\/\/esat-idefhi.fr\/wp-content\/uploads\/2021\/07\/NOTRE-APPARTENANCE-ESAT-1536x1014.png 1536w, https:\/\/esat-idefhi.fr\/wp-content\/uploads\/2021\/07\/NOTRE-APPARTENANCE-ESAT-2048x1352.png 2048w\" sizes=\"(max-width: 768px) 100vw, 768px\" \/>\t\t\t\t\t\t\t\t\t\t\t\t\t\t\t<\/div>\n\t\t\t\t<\/div>\n\t\t\t\t\t<\/div>\n\t\t<\/div>\n\t\t\t\t\t\t\t<\/div>\n\t\t<\/section>\n\t\t\t\t<section class=\"elementor-section elementor-top-section elementor-element elementor-element-2e55ade elementor-hidden-phone elementor-section-boxed elementor-section-height-default elementor-section-height-default\" data-id=\"2e55ade\" data-element_type=\"section\" data-settings=\"{&quot;background_background&quot;:&quot;classic&quot;}\">\n\t\t\t\t\t\t\t<div class=\"elementor-background-overlay\"><\/div>\n\t\t\t\t\t\t\t<div class=\"elementor-container elementor-column-gap-default\">\n\t\t\t\t\t<div class=\"elementor-column elementor-col-100 elementor-top-column elementor-element elementor-element-cd61471\" data-id=\"cd61471\" data-element_type=\"column\" data-settings=\"{&quot;background_background&quot;:&quot;classic&quot;}\">\n\t\t\t<div class=\"elementor-widget-wrap elementor-element-populated\">\n\t\t\t\t\t\t\t\t<section class=\"elementor-section elementor-inner-section elementor-element elementor-element-7776093 elementor-section-boxed elementor-section-height-default elementor-section-height-default\" data-id=\"7776093\" data-element_type=\"section\">\n\t\t\t\t\t\t<div class=\"elementor-container elementor-column-gap-default\">\n\t\t\t\t\t<div class=\"elementor-column elementor-col-100 elementor-inner-column elementor-element elementor-element-fe4dbee\" data-id=\"fe4dbee\" data-element_type=\"column\">\n\t\t\t<div class=\"elementor-widget-wrap elementor-element-populated\">\n\t\t\t\t\t\t\t\t<div class=\"elementor-element elementor-element-2357316 elementor-widget elementor-widget-image\" data-id=\"2357316\" data-element_type=\"widget\" data-widget_type=\"image.default\">\n\t\t\t\t<div class=\"elementor-widget-container\">\n\t\t\t\t\t\t\t\t\t\t\t\t\t\t\t<img width=\"300\" height=\"225\" src=\"https:\/\/esat-idefhi.fr\/wp-content\/uploads\/2021\/10\/Idefhi_logo-300x225.png\" class=\"attachment-medium size-medium\" alt=\"\" loading=\"lazy\" srcset=\"https:\/\/esat-idefhi.fr\/wp-content\/uploads\/2021\/10\/Idefhi_logo-300x225.png 300w, https:\/\/esat-idefhi.fr\/wp-content\/uploads\/2021\/10\/Idefhi_logo-1024x768.png 1024w, https:\/\/esat-idefhi.fr\/wp-content\/uploads\/2021\/10\/Idefhi_logo-768x576.png 768w, https:\/\/esat-idefhi.fr\/wp-content\/uploads\/2021\/10\/Idefhi_logo-1536x1152.png 1536w, https:\/\/esat-idefhi.fr\/wp-content\/uploads\/2021\/10\/Idefhi_logo-2048x1536.png 2048w\" sizes=\"(max-width: 300px) 100vw, 300px\" \/>\t\t\t\t\t\t\t\t\t\t\t\t\t\t\t<\/div>\n\t\t\t\t<\/div>\n\t\t\t\t<div class=\"elementor-element elementor-element-f8cb32d elementor-widget-divider--view-line elementor-widget elementor-widget-divider\" data-id=\"f8cb32d\" data-element_type=\"widget\" data-widget_type=\"divider.default\">\n\t\t\t\t<div class=\"elementor-widget-container\">\n\t\t\t\t\t<div class=\"elementor-divider\">\n\t\t\t<span class=\"elementor-divider-separator\">\n\t\t\t\t\t\t<\/span>\n\t\t<\/div>\n\t\t\t\t<\/div>\n\t\t\t\t<\/div>\n\t\t\t\t<div class=\"elementor-element elementor-element-8e6e4c4 elementor-widget elementor-widget-text-editor\" data-id=\"8e6e4c4\" data-element_type=\"widget\" data-widget_type=\"text-editor.default\">\n\t\t\t\t<div class=\"elementor-widget-container\">\n\t\t\t\t\t\t\t\t<p class=\"MsoNormal\" align=\"center\" style=\"margin-bottom:0cm;margin-bottom:.0001pt;\ntext-align:center;line-height:normal\"><span style=\"font-size:14.0pt;mso-bidi-font-size:\n11.0pt;font-family:&quot;Work Sans&quot;;color:#938E87;letter-spacing:-.6pt\">L\u2019IDEFHI\n(Institut D\u00e9partemental de l\u2019Enfance, de la Famille et du Handicap pour\nl\u2019Insertion) est un \u00e9tablissement public, social et m\u00e9dico-social implant\u00e9 en\nSeine-Maritime. Il intervient dans les domaines de la protection de l\u2019enfance\net du handicap. En pr\u00e8s de 100 ans d\u2019histoire, l&rsquo;IDEFHI a accompagn\u00e9 plusieurs\ndizaines de milliers d&rsquo;enfants, d&rsquo;adolescents et d\u2019adultes en situation de\nfragilit\u00e9, transitoire ou plus durable. Ses \u00e9quipes les ont accueillis,\nprot\u00e9g\u00e9s, \u00e9duqu\u00e9s, \u00e9cout\u00e9s avec toujours cette m\u00eame finalit\u00e9 : leur donner le\ncadre, les rep\u00e8res et les \u00e9l\u00e9ments de stabilit\u00e9 n\u00e9cessaires pour leur vie\nfuture.<\/span><b><span style=\"font-size:20.0pt;mso-bidi-font-size:16.0pt;font-family:Roboto;\ncolor:#F29955\"><o:p><\/o:p><\/span><\/b><\/p>\t\t\t\t\t\t<\/div>\n\t\t\t\t<\/div>\n\t\t\t\t<div class=\"elementor-element elementor-element-c09ef46 elementor-button-danger elementor-align-center elementor-widget elementor-widget-button\" data-id=\"c09ef46\" data-element_type=\"widget\" data-widget_type=\"button.default\">\n\t\t\t\t<div class=\"elementor-widget-container\">\n\t\t\t\t\t<div class=\"elementor-button-wrapper\">\n\t\t\t<a href=\"http:\/\/www.idefhi.fr\/\" class=\"elementor-button-link elementor-button elementor-size-sm\" role=\"button\">\n\t\t\t\t\t\t<span class=\"elementor-button-content-wrapper\">\n\t\t\t\t\t\t<span class=\"elementor-button-text\">En savoir plus<\/span>\n\t\t<\/span>\n\t\t\t\t\t<\/a>\n\t\t<\/div>\n\t\t\t\t<\/div>\n\t\t\t\t<\/div>\n\t\t\t\t\t<\/div>\n\t\t<\/div>\n\t\t\t\t\t\t\t<\/div>\n\t\t<\/section>\n\t\t\t\t<div class=\"elementor-element elementor-element-a53349c elementor-aspect-ratio-169 elementor-widget elementor-widget-video\" data-id=\"a53349c\" data-element_type=\"widget\" data-settings=\"{&quot;youtube_url&quot;:&quot;https:\\\/\\\/www.youtube.com\\\/watch?v=QrotrBuTpm8&quot;,&quot;video_type&quot;:&quot;youtube&quot;,&quot;controls&quot;:&quot;yes&quot;,&quot;aspect_ratio&quot;:&quot;169&quot;}\" data-widget_type=\"video.default\">\n\t\t\t\t<div class=\"elementor-widget-container\">\n\t\t\t\t\t<div class=\"elementor-wrapper elementor-fit-aspect-ratio elementor-open-inline\">\n\t\t\t<div class=\"elementor-video\"><\/div>\t\t<\/div>\n\t\t\t\t<\/div>\n\t\t\t\t<\/div>\n\t\t\t\t\t<\/div>\n\t\t<\/div>\n\t\t\t\t\t\t\t<\/div>\n\t\t<\/section>\n\t\t\t\t<section class=\"elementor-section elementor-top-section elementor-element elementor-element-b031fd1 elementor-section-boxed elementor-section-height-default elementor-section-height-default\" data-id=\"b031fd1\" data-element_type=\"section\">\n\t\t\t\t\t\t<div class=\"elementor-container elementor-column-gap-default\">\n\t\t\t\t\t<div class=\"elementor-column elementor-col-100 elementor-top-column elementor-element elementor-element-8101854\" data-id=\"8101854\" data-element_type=\"column\">\n\t\t\t<div class=\"elementor-widget-wrap elementor-element-populated\">\n\t\t\t\t\t\t\t\t<div class=\"elementor-element elementor-element-00cd2c6 elementor-widget elementor-widget-spacer\" data-id=\"00cd2c6\" data-element_type=\"widget\" data-widget_type=\"spacer.default\">\n\t\t\t\t<div class=\"elementor-widget-container\">\n\t\t\t\t\t<div class=\"elementor-spacer\">\n\t\t\t<div class=\"elementor-spacer-inner\"><\/div>\n\t\t<\/div>\n\t\t\t\t<\/div>\n\t\t\t\t<\/div>\n\t\t\t\t\t<\/div>\n\t\t<\/div>\n\t\t\t\t\t\t\t<\/div>\n\t\t<\/section>\n\t\t\t\t<section class=\"elementor-section elementor-top-section elementor-element elementor-element-5951b3b elementor-section-boxed elementor-section-height-default elementor-section-height-default elementor-invisible\" data-id=\"5951b3b\" data-element_type=\"section\" data-settings=\"{&quot;animation&quot;:&quot;fadeIn&quot;}\">\n\t\t\t\t\t\t<div class=\"elementor-container elementor-column-gap-default\">\n\t\t\t\t\t<div class=\"elementor-column elementor-col-100 elementor-top-column elementor-element elementor-element-c211d13\" data-id=\"c211d13\" data-element_type=\"column\">\n\t\t\t<div class=\"elementor-widget-wrap elementor-element-populated\">\n\t\t\t\t\t\t\t\t<div class=\"elementor-element elementor-element-33b4f4a elementor-widget elementor-widget-image\" data-id=\"33b4f4a\" data-element_type=\"widget\" data-widget_type=\"image.default\">\n\t\t\t\t<div class=\"elementor-widget-container\">\n\t\t\t\t\t\t\t\t\t\t\t\t\t\t\t<img width=\"858\" height=\"573\" src=\"https:\/\/esat-idefhi.fr\/wp-content\/uploads\/2021\/07\/Logo-cFT.png\" class=\"attachment-1536x1536 size-1536x1536\" alt=\"\" loading=\"lazy\" srcset=\"https:\/\/esat-idefhi.fr\/wp-content\/uploads\/2021\/07\/Logo-cFT.png 858w, https:\/\/esat-idefhi.fr\/wp-content\/uploads\/2021\/07\/Logo-cFT-300x200.png 300w, https:\/\/esat-idefhi.fr\/wp-content\/uploads\/2021\/07\/Logo-cFT-768x513.png 768w\" sizes=\"(max-width: 858px) 100vw, 858px\" \/>\t\t\t\t\t\t\t\t\t\t\t\t\t\t\t<\/div>\n\t\t\t\t<\/div>\n\t\t\t\t<div class=\"elementor-element elementor-element-eac818f elementor-widget elementor-widget-spacer\" data-id=\"eac818f\" data-element_type=\"widget\" data-widget_type=\"spacer.default\">\n\t\t\t\t<div class=\"elementor-widget-container\">\n\t\t\t\t\t<div class=\"elementor-spacer\">\n\t\t\t<div class=\"elementor-spacer-inner\"><\/div>\n\t\t<\/div>\n\t\t\t\t<\/div>\n\t\t\t\t<\/div>\n\t\t\t\t<div class=\"elementor-element elementor-element-f03e68d elementor-widget elementor-widget-heading\" data-id=\"f03e68d\" data-element_type=\"widget\" data-widget_type=\"heading.default\">\n\t\t\t\t<div class=\"elementor-widget-container\">\n\t\t\t<h2 class=\"elementor-heading-title elementor-size-default\">Centre Fran\u00e7ois Truffaut<\/h2>\t\t<\/div>\n\t\t\t\t<\/div>\n\t\t\t\t<div class=\"elementor-element elementor-element-f94bb71 elementor-widget elementor-widget-text-editor\" data-id=\"f94bb71\" data-element_type=\"widget\" data-widget_type=\"text-editor.default\">\n\t\t\t\t<div class=\"elementor-widget-container\">\n\t\t\t\t\t\t\t\t<p>Si par son histoire le Centre Fran\u00e7ois Truffaut (CFT) est r\u00e9put\u00e9 pour accueillir principalement des jeunes sourds, aujourd\u2019hui, le centre s\u2019oriente vers l\u2019accueil d\u2019une population plus diversifi\u00e9e en mati\u00e8re de handicap. Le centre Fran\u00e7ois Truffaut m\u00e8ne une politique active autour de la continuit\u00e9 de parcours et du projet de vie de la personne.<\/p><p>Le CFT se d\u00e9finit autour de 4 p\u00f4les de comp\u00e9tences : Le handicap auditif avec troubles associ\u00e9s, les Troubles du Langage et des Apprentissages (TSLA), les Troubles du Spectre Autistique (TSA) et l\u2019accompagnement le travail (ESAT).<\/p>\t\t\t\t\t\t<\/div>\n\t\t\t\t<\/div>\n\t\t\t\t\t<\/div>\n\t\t<\/div>\n\t\t\t\t\t\t\t<\/div>\n\t\t<\/section>\n\t\t\t\t\t\t<\/div>\n\t\t\t\t\t<\/div>\n\t\t","protected":false},"excerpt":{"rendered":"<p>Notre appartenance L\u2019ESAT IDEFHI est rattach\u00e9 au centre Fran\u00e7ois Truffaut, qui d\u00e9pend lui-m\u00eame de l\u2019IDEFHI. L\u2019IDEFHI (Institut D\u00e9partemental de l\u2019Enfance, de la Famille et du Handicap pour l\u2019Insertion) est un \u00e9tablissement public, social et m\u00e9dico-social implant\u00e9 en Seine-Maritime. Il intervient dans les domaines de la protection de l\u2019enfance et du handicap. En pr\u00e8s de 100&#8230;<\/p>\n","protected":false},"author":1,"featured_media":0,"parent":0,"menu_order":0,"comment_status":"closed","ping_status":"closed","template":"","meta":{"om_disable_all_campaigns":false,"_monsterinsights_skip_tracking":false,"_monsterinsights_sitenote_active":false,"_monsterinsights_sitenote_note":"","_monsterinsights_sitenote_category":0,"_kad_post_transparent":"","_kad_post_title":"hide","_kad_post_layout":"fullwidth","_kad_post_sidebar_id":"","_kad_post_content_style":"unboxed","_kad_post_vertical_padding":"hide","_kad_post_feature":"hide","_kad_post_feature_position":"","_kad_post_header":false,"_kad_post_footer":false},"_links":{"self":[{"href":"https:\/\/esat-idefhi.fr\/index.php?rest_route=\/wp\/v2\/pages\/47"}],"collection":[{"href":"https:\/\/esat-idefhi.fr\/index.php?rest_route=\/wp\/v2\/pages"}],"about":[{"href":"https:\/\/esat-idefhi.fr\/index.php?rest_route=\/wp\/v2\/types\/page"}],"author":[{"embeddable":true,"href":"https:\/\/esat-idefhi.fr\/index.php?rest_route=\/wp\/v2\/users\/1"}],"replies":[{"embeddable":true,"href":"https:\/\/esat-idefhi.fr\/index.php?rest_route=%2Fwp%2Fv2%2Fcomments&post=47"}],"version-history":[{"count":812,"href":"https:\/\/esat-idefhi.fr\/index.php?rest_route=\/wp\/v2\/pages\/47\/revisions"}],"predecessor-version":[{"id":7590,"href":"https:\/\/esat-idefhi.fr\/index.php?rest_route=\/wp\/v2\/pages\/47\/revisions\/7590"}],"wp:attachment":[{"href":"https:\/\/esat-idefhi.fr\/index.php?rest_route=%2Fwp%2Fv2%2Fmedia&parent=47"}],"curies":[{"name":"wp","href":"https:\/\/api.w.org\/{rel}","templated":true}]}}