{"id":106,"date":"2021-07-07T10:35:34","date_gmt":"2021-07-07T08:35:34","guid":{"rendered":"http:\/\/esat-truffaut.fr\/?page_id=106"},"modified":"2025-10-09T15:43:02","modified_gmt":"2025-10-09T13:43:02","slug":"acceuil","status":"publish","type":"page","link":"https:\/\/esat-idefhi.fr\/","title":{"rendered":"Accueil"},"content":{"rendered":"\t\t<div data-elementor-type=\"wp-page\" data-elementor-id=\"106\" class=\"elementor elementor-106\" data-elementor-settings=\"[]\">\n\t\t\t\t\t\t\t<div class=\"elementor-section-wrap\">\n\t\t\t\t\t\t\t<section class=\"elementor-section elementor-top-section elementor-element elementor-element-2ce8993 elementor-section-full_width elementor-section-height-min-height elementor-section-height-default elementor-section-items-middle\" data-id=\"2ce8993\" data-element_type=\"section\" data-settings=\"{&quot;background_background&quot;:&quot;classic&quot;}\">\n\t\t\t\t\t\t<div class=\"elementor-container elementor-column-gap-default\">\n\t\t\t\t\t<div class=\"elementor-column elementor-col-100 elementor-top-column elementor-element elementor-element-467b07e\" data-id=\"467b07e\" data-element_type=\"column\">\n\t\t\t<div class=\"elementor-widget-wrap elementor-element-populated\">\n\t\t\t\t\t\t\t\t<div class=\"elementor-element elementor-element-36edfdb animated-slow elementor-invisible elementor-widget elementor-widget-heading\" data-id=\"36edfdb\" data-element_type=\"widget\" data-settings=\"{&quot;_animation&quot;:&quot;fadeIn&quot;}\" data-widget_type=\"heading.default\">\n\t\t\t\t<div class=\"elementor-widget-container\">\n\t\t\t<h2 class=\"elementor-heading-title elementor-size-default\">DES PRODUITS SAINS, PR\u00c9PAR\u00c9S AVEC SOIN.<\/h2>\t\t<\/div>\n\t\t\t\t<\/div>\n\t\t\t\t\t<\/div>\n\t\t<\/div>\n\t\t\t\t\t\t\t<\/div>\n\t\t<\/section>\n\t\t\t\t<section class=\"elementor-section elementor-top-section elementor-element elementor-element-046bde6 elementor-section-boxed elementor-section-height-default elementor-section-height-default\" data-id=\"046bde6\" data-element_type=\"section\">\n\t\t\t\t\t\t<div class=\"elementor-container elementor-column-gap-default\">\n\t\t\t\t\t<div class=\"elementor-column elementor-col-100 elementor-top-column elementor-element elementor-element-785530e\" data-id=\"785530e\" data-element_type=\"column\">\n\t\t\t<div class=\"elementor-widget-wrap elementor-element-populated\">\n\t\t\t\t\t\t\t\t<div class=\"elementor-element elementor-element-45126de elementor-widget elementor-widget-image\" data-id=\"45126de\" data-element_type=\"widget\" data-widget_type=\"image.default\">\n\t\t\t\t<div class=\"elementor-widget-container\">\n\t\t\t\t\t\t\t\t\t\t\t\t\t\t\t<img width=\"768\" height=\"512\" src=\"https:\/\/esat-idefhi.fr\/wp-content\/uploads\/2021\/11\/idefhi-bd-esat-jp-062016-129-768x512.jpg\" class=\"attachment-medium_large size-medium_large\" alt=\"\" loading=\"lazy\" srcset=\"https:\/\/esat-idefhi.fr\/wp-content\/uploads\/2021\/11\/idefhi-bd-esat-jp-062016-129-768x512.jpg 768w, https:\/\/esat-idefhi.fr\/wp-content\/uploads\/2021\/11\/idefhi-bd-esat-jp-062016-129-300x200.jpg 300w, https:\/\/esat-idefhi.fr\/wp-content\/uploads\/2021\/11\/idefhi-bd-esat-jp-062016-129-1024x683.jpg 1024w, https:\/\/esat-idefhi.fr\/wp-content\/uploads\/2021\/11\/idefhi-bd-esat-jp-062016-129.jpg 1500w\" sizes=\"(max-width: 768px) 100vw, 768px\" \/>\t\t\t\t\t\t\t\t\t\t\t\t\t\t\t<\/div>\n\t\t\t\t<\/div>\n\t\t\t\t\t<\/div>\n\t\t<\/div>\n\t\t\t\t\t\t\t<\/div>\n\t\t<\/section>\n\t\t\t\t<section class=\"elementor-section elementor-top-section elementor-element elementor-element-983f486 elementor-section-boxed elementor-section-height-default elementor-section-height-default\" data-id=\"983f486\" data-element_type=\"section\">\n\t\t\t\t\t\t<div class=\"elementor-container elementor-column-gap-default\">\n\t\t\t\t\t<div class=\"elementor-column elementor-col-100 elementor-top-column elementor-element elementor-element-be5bd87\" data-id=\"be5bd87\" data-element_type=\"column\">\n\t\t\t<div class=\"elementor-widget-wrap elementor-element-populated\">\n\t\t\t\t\t\t\t\t<div class=\"elementor-element elementor-element-36edc53 elementor-hidden-tablet elementor-widget elementor-widget-spacer\" data-id=\"36edc53\" data-element_type=\"widget\" data-widget_type=\"spacer.default\">\n\t\t\t\t<div class=\"elementor-widget-container\">\n\t\t\t\t\t<div class=\"elementor-spacer\">\n\t\t\t<div class=\"elementor-spacer-inner\"><\/div>\n\t\t<\/div>\n\t\t\t\t<\/div>\n\t\t\t\t<\/div>\n\t\t\t\t<div class=\"elementor-element elementor-element-fa01002 elementor-widget elementor-widget-text-editor\" data-id=\"fa01002\" data-element_type=\"widget\" data-widget_type=\"text-editor.default\">\n\t\t\t\t<div class=\"elementor-widget-container\">\n\t\t\t\t\t\t\t\t<p dir=\"ltr\" style=\"line-height: 1.38; text-align: center; background-color: #ffffff; margin-top: 0pt; margin-bottom: 0pt;\"><span style=\"font-size: 13pt; font-family: Roboto,sans-serif; color: #565656; background-color: transparent; font-weight: 400; font-style: normal; font-variant: normal; text-decoration: none; vertical-align: baseline; white-space: pre-wrap;\">Sp\u00e9cialis\u00e9 dans les m\u00e9tiers de bouches, l\u2019ESAT IDEFHI accompagne <\/span><span style=\"font-size: 13pt; font-family: Roboto,sans-serif; color: #565656; background-color: transparent; font-weight: bold; font-style: normal; font-variant: normal; text-decoration: underline; -webkit-text-decoration-skip: none; text-decoration-skip-ink: none; vertical-align: baseline; white-space: pre-wrap;\">51 travailleurs handicap\u00e9s<\/span><\/p><p dir=\"ltr\" style=\"line-height: 1.38; text-align: center; background-color: #ffffff; margin-top: 0pt; margin-bottom: 0pt;\"><span style=\"font-size: 13pt; font-family: Roboto,sans-serif; color: #565656; background-color: transparent; font-weight: 400; font-style: normal; font-variant: normal; text-decoration: none; vertical-align: baseline; white-space: pre-wrap;\">Au travers de notre <\/span><span style=\"font-size: 13pt; font-family: Roboto,sans-serif; color: #565656; background-color: transparent; font-weight: bold; font-style: normal; font-variant: normal; text-decoration: none; vertical-align: baseline; white-space: pre-wrap;\">savoir-faire soign\u00e9 et exigeant<\/span><span style=\"font-size: 13pt; font-family: Roboto,sans-serif; color: #565656; background-color: transparent; font-weight: 400; font-style: normal; font-variant: normal; text-decoration: none; vertical-align: baseline; white-space: pre-wrap;\">, nous veillons \u00e0 leur transmettre les bonnes cl\u00e9s de r\u00e9ussite pour une meilleure insertion en milieu ordinaire.<\/span><\/p><p dir=\"ltr\" style=\"line-height: 1.38; text-align: center; background-color: #ffffff; margin-top: 0pt; margin-bottom: 0pt;\"><span style=\"font-size: 13pt; font-family: Roboto,sans-serif; color: #565656; background-color: transparent; font-weight: 400; font-style: normal; font-variant: normal; text-decoration: none; vertical-align: baseline; white-space: pre-wrap;\">\u00a0<\/span><\/p><p dir=\"ltr\" style=\"line-height: 1.38; text-align: center; background-color: #ffffff; margin-top: 0pt; margin-bottom: 0pt;\"><span style=\"font-size: 13pt; font-family: Roboto,sans-serif; color: #565656; background-color: transparent; font-weight: bold; font-style: normal; font-variant: normal; text-decoration: none; vertical-align: baseline; white-space: pre-wrap;\"><span style=\"font-variant-numeric: normal; font-variant-east-asian: normal; background-color: transparent; font-size: 13pt; text-decoration-skip-ink: none; vertical-align: baseline;\"><span style=\"text-decoration-line: underline;\">\u00c9tablissement m\u00e9dico-social<\/span><\/span><span style=\"font-variant-numeric: normal; font-variant-east-asian: normal; font-weight: 400; background-color: transparent; font-size: 13pt; vertical-align: baseline;\"> avec un pendant commercial, nos valeurs : l\u2019Humain, Le Savoir-faire et le D\u00e9veloppement durable. Nous les transmettons chaque jour \u00e0 nos clients et travailleurs.<\/span><br \/><\/span><\/p><p dir=\"ltr\" style=\"line-height: 1.38; text-align: center; background-color: #ffffff; margin-top: 0pt; margin-bottom: 0pt;\"><span style=\"font-size: 13pt; font-family: Roboto,sans-serif; color: #565656; background-color: transparent; font-weight: bold; font-style: normal; font-variant: normal; text-decoration: none; vertical-align: baseline; white-space: pre-wrap;\">\u00a0<\/span><\/p><p dir=\"ltr\" style=\"line-height: 1.38; text-align: center; background-color: #ffffff; margin-top: 0pt; margin-bottom: 0pt;\"><span style=\"color: #9c1a35;\"><span style=\"font-size: 13pt; font-family: Roboto, sans-serif; background-color: transparent; font-weight: bold; font-style: normal; font-variant: normal; text-decoration: none; vertical-align: baseline; white-space: pre-wrap;\">\u00a0<\/span><span style=\"font-size: 13pt; font-family: Roboto, sans-serif; background-color: transparent; font-weight: bold; font-style: normal; font-variant: normal; text-decoration: none; vertical-align: baseline; white-space: pre-wrap;\">L\u2019INSERTION EST L\u2019AFFAIRE DE TOUS !<\/span><\/span><\/p><p dir=\"ltr\" style=\"line-height: 1.38; text-align: center; background-color: #ffffff; margin-top: 0pt; margin-bottom: 0pt;\"><span style=\"font-size: 13pt; font-family: Roboto,sans-serif; color: #ff9900; background-color: transparent; font-weight: bold; font-style: normal; font-variant: normal; text-decoration: none; vertical-align: baseline; white-space: pre-wrap;\">\u00a0<\/span><\/p><p dir=\"ltr\" style=\"line-height: 1.38; text-align: center; background-color: #ffffff; margin-top: 0pt; margin-bottom: 0pt;\"><span style=\"background-color: transparent; font-family: Roboto, sans-serif; font-size: 13pt; font-weight: 400; white-space: pre-wrap;\">Si l\u2019ESAT IDEFHI perdure, c&rsquo;est aussi gr\u00e2ce \u00e0 vous !<\/span><\/p><p dir=\"ltr\" style=\"line-height: 1.38; text-align: center; background-color: #ffffff; margin-top: 0pt; margin-bottom: 0pt;\"><span style=\"background-color: transparent; font-family: Roboto, sans-serif; font-size: 13pt; font-weight: 400; white-space: pre-wrap;\">En consommant dans nos ateliers (ou nos produits),\u00a0 vous contribuez pleinement \u00e0 la mise au travail et donc \u00e0 la professionnalisation de nos travailleurs. Production, livraison, accueil client, vente, service, cuisine, culture, etc\u2026 autant de m\u00e9tiers et de savoir-faire qui, gr\u00e2ce \u00e0 vous, prennent vie pour une meilleure insertion.<\/span><\/p><p dir=\"ltr\" style=\"line-height: 1.38; text-align: center; background-color: #ffffff; margin-top: 0pt; margin-bottom: 0pt;\">\u00a0<\/p>\t\t\t\t\t\t<\/div>\n\t\t\t\t<\/div>\n\t\t\t\t<div class=\"elementor-element elementor-element-b805c58 elementor-widget elementor-widget-spacer\" data-id=\"b805c58\" data-element_type=\"widget\" data-widget_type=\"spacer.default\">\n\t\t\t\t<div class=\"elementor-widget-container\">\n\t\t\t\t\t<div class=\"elementor-spacer\">\n\t\t\t<div class=\"elementor-spacer-inner\"><\/div>\n\t\t<\/div>\n\t\t\t\t<\/div>\n\t\t\t\t<\/div>\n\t\t\t\t\t<\/div>\n\t\t<\/div>\n\t\t\t\t\t\t\t<\/div>\n\t\t<\/section>\n\t\t\t\t<section class=\"elementor-section elementor-top-section elementor-element elementor-element-0bb8bf1 elementor-section-boxed elementor-section-height-default elementor-section-height-default\" data-id=\"0bb8bf1\" data-element_type=\"section\">\n\t\t\t\t\t\t<div class=\"elementor-container elementor-column-gap-default\">\n\t\t\t\t\t<div class=\"elementor-column elementor-col-33 elementor-top-column elementor-element elementor-element-d295c8a\" data-id=\"d295c8a\" data-element_type=\"column\">\n\t\t\t<div class=\"elementor-widget-wrap elementor-element-populated\">\n\t\t\t\t\t\t\t\t<div class=\"elementor-element elementor-element-107c128 elementor-align-center elementor-widget elementor-widget-button\" data-id=\"107c128\" data-element_type=\"widget\" data-widget_type=\"button.default\">\n\t\t\t\t<div class=\"elementor-widget-container\">\n\t\t\t\t\t<div class=\"elementor-button-wrapper\">\n\t\t\t<a href=\"https:\/\/esat-idefhi.fr\/?page_id=87\" class=\"elementor-button-link elementor-button elementor-size-xl\" role=\"button\">\n\t\t\t\t\t\t<span class=\"elementor-button-content-wrapper\">\n\t\t\t\t\t\t<span class=\"elementor-button-text\">Boulangerie\/Patisserie<\/span>\n\t\t<\/span>\n\t\t\t\t\t<\/a>\n\t\t<\/div>\n\t\t\t\t<\/div>\n\t\t\t\t<\/div>\n\t\t\t\t\t<\/div>\n\t\t<\/div>\n\t\t\t\t<div class=\"elementor-column elementor-col-33 elementor-top-column elementor-element elementor-element-5e2cfb0\" data-id=\"5e2cfb0\" data-element_type=\"column\">\n\t\t\t<div class=\"elementor-widget-wrap elementor-element-populated\">\n\t\t\t\t\t\t\t\t<div class=\"elementor-element elementor-element-aa17df2 elementor-align-center elementor-widget elementor-widget-button\" data-id=\"aa17df2\" data-element_type=\"widget\" data-widget_type=\"button.default\">\n\t\t\t\t<div class=\"elementor-widget-container\">\n\t\t\t\t\t<div class=\"elementor-button-wrapper\">\n\t\t\t<a href=\"https:\/\/esat-idefhi.fr\/?page_id=89\" class=\"elementor-button-link elementor-button elementor-size-xl\" role=\"button\">\n\t\t\t\t\t\t<span class=\"elementor-button-content-wrapper\">\n\t\t\t\t\t\t<span class=\"elementor-button-text\">Traiteur      <\/span>\n\t\t<\/span>\n\t\t\t\t\t<\/a>\n\t\t<\/div>\n\t\t\t\t<\/div>\n\t\t\t\t<\/div>\n\t\t\t\t\t<\/div>\n\t\t<\/div>\n\t\t\t\t<div class=\"elementor-column elementor-col-33 elementor-top-column elementor-element elementor-element-0cc8570\" data-id=\"0cc8570\" data-element_type=\"column\">\n\t\t\t<div class=\"elementor-widget-wrap elementor-element-populated\">\n\t\t\t\t\t\t\t\t<div class=\"elementor-element elementor-element-a16522d elementor-align-center elementor-widget elementor-widget-button\" data-id=\"a16522d\" data-element_type=\"widget\" data-widget_type=\"button.default\">\n\t\t\t\t<div class=\"elementor-widget-container\">\n\t\t\t\t\t<div class=\"elementor-button-wrapper\">\n\t\t\t<a href=\"https:\/\/esat-idefhi.fr\/?page_id=95\" class=\"elementor-button-link elementor-button elementor-size-xl\" role=\"button\">\n\t\t\t\t\t\t<span class=\"elementor-button-content-wrapper\">\n\t\t\t\t\t\t<span class=\"elementor-button-text\">Salle de r\u00e9ception<\/span>\n\t\t<\/span>\n\t\t\t\t\t<\/a>\n\t\t<\/div>\n\t\t\t\t<\/div>\n\t\t\t\t<\/div>\n\t\t\t\t\t<\/div>\n\t\t<\/div>\n\t\t\t\t\t\t\t<\/div>\n\t\t<\/section>\n\t\t\t\t<section class=\"elementor-section elementor-top-section elementor-element elementor-element-7162d03 elementor-section-boxed elementor-section-height-default elementor-section-height-default\" data-id=\"7162d03\" data-element_type=\"section\" data-settings=\"{&quot;background_background&quot;:&quot;classic&quot;,&quot;shape_divider_bottom&quot;:&quot;opacity-tilt&quot;}\">\n\t\t\t\t\t<div class=\"elementor-shape elementor-shape-bottom\" data-negative=\"false\">\n\t\t\t<svg xmlns=\"http:\/\/www.w3.org\/2000\/svg\" viewBox=\"0 0 2600 131.1\" preserveAspectRatio=\"none\">\n\t<path class=\"elementor-shape-fill\" d=\"M0 0L2600 0 2600 69.1 0 0z\"\/>\n\t<path class=\"elementor-shape-fill\" style=\"opacity:0.5\" d=\"M0 0L2600 0 2600 69.1 0 69.1z\"\/>\n\t<path class=\"elementor-shape-fill\" style=\"opacity:0.25\" d=\"M2600 0L0 0 0 130.1 2600 69.1z\"\/>\n<\/svg>\t\t<\/div>\n\t\t\t\t\t<div class=\"elementor-container elementor-column-gap-default\">\n\t\t\t\t\t<div class=\"elementor-column elementor-col-100 elementor-top-column elementor-element elementor-element-0f90fb2\" data-id=\"0f90fb2\" data-element_type=\"column\">\n\t\t\t<div class=\"elementor-widget-wrap elementor-element-populated\">\n\t\t\t\t\t\t\t\t<div class=\"elementor-element elementor-element-781bcf9 elementor-align-center elementor-widget elementor-widget-button\" data-id=\"781bcf9\" data-element_type=\"widget\" data-widget_type=\"button.default\">\n\t\t\t\t<div class=\"elementor-widget-container\">\n\t\t\t\t\t<div class=\"elementor-button-wrapper\">\n\t\t\t<a href=\"https:\/\/esat-idefhi.fr\/?page_id=91\" class=\"elementor-button-link elementor-button elementor-size-xl\" role=\"button\">\n\t\t\t\t\t\t<span class=\"elementor-button-content-wrapper\">\n\t\t\t\t\t\t<span class=\"elementor-button-text\">Mara\u00eechage<\/span>\n\t\t<\/span>\n\t\t\t\t\t<\/a>\n\t\t<\/div>\n\t\t\t\t<\/div>\n\t\t\t\t<\/div>\n\t\t\t\t<div class=\"elementor-element elementor-element-59142c9 elementor-widget elementor-widget-text-editor\" data-id=\"59142c9\" data-element_type=\"widget\" data-widget_type=\"text-editor.default\">\n\t\t\t\t<div class=\"elementor-widget-container\">\n\t\t\t\t\t\t\t\t<h2 style=\"margin-top: 1.5em; font-family: 'Work Sans', sans-serif; font-size: 36px; color: #ffffff; letter-spacing: normal;\" spellcheck=\"false\" data-elementor-setting-key=\"title\" data-pen-placeholder=\"\u00c9crivez ici...\" data-gramm=\"false\">Prenez soin de vous et des autres<\/h2><p style=\"margin-top: 1.5em;\" spellcheck=\"false\" data-elementor-setting-key=\"title\" data-pen-placeholder=\"\u00c9crivez ici...\" data-gramm=\"false\"><span id=\"docs-internal-guid-0abbaca8-7fff-0200-d049-5c80f9f48ab5\"><span style=\"font-size: 17.5pt; font-family: Arial; font-variant-numeric: normal; font-variant-east-asian: normal; vertical-align: baseline; white-space: pre-wrap;\">Particuliers ou professionnels, travailler avec nous c\u2019est, contribuer \u00e0 l\u2019insertion de personnes handicap\u00e9es tout en consommant sain et local.<\/span><\/span><\/p><p style=\"margin-top: 1.5em;\" spellcheck=\"false\" data-elementor-setting-key=\"title\" data-pen-placeholder=\"\u00c9crivez ici...\" data-gramm=\"false\"><span style=\"color: #fafafa; font-family: Roboto; font-size: 21.3333px; font-weight: bold; letter-spacing: 0.6px;\">Chacune de vos visites est un r\u00e9el coup de pouce !<\/span><span style=\"letter-spacing: 0.6px; background-color: var( --e-global-color-primary );\"><br \/><\/span><\/p>\t\t\t\t\t\t<\/div>\n\t\t\t\t<\/div>\n\t\t\t\t<div class=\"elementor-element elementor-element-5ffb3dc elementor-widget elementor-widget-text-editor\" data-id=\"5ffb3dc\" data-element_type=\"widget\" data-widget_type=\"text-editor.default\">\n\t\t\t\t<div class=\"elementor-widget-container\">\n\t\t\t\t\t\t\t\t<h1 style=\"margin-top: 1em; font-family: 'Work Sans', sans-serif; font-size: 36px; color: #ffffff;\" spellcheck=\"false\" data-elementor-setting-key=\"title\" data-pen-placeholder=\"\u00c9crivez ici...\" data-gramm=\"false\">Un premier pas vers l&rsquo;entreprise<\/h1>\n<p style=\"margin-bottom: .0001pt; line-height: normal;\"><span id=\"docs-internal-guid-74edceaf-7fff-7e1f-0217-b2ce16f65f3f\"><span style=\"font-size: 19pt; font-family: Arial; font-variant-numeric: normal; font-variant-east-asian: normal; vertical-align: baseline; white-space: pre-wrap;\">Avec votre soutien et votre implication, les travailleurs peuvent acc\u00e9der au milieu ordinaire au travers de stage ou de mise \u00e0 disposition au sein de votre \u00e9tablissement<\/span><\/span><br><\/p>\t\t\t\t\t\t<\/div>\n\t\t\t\t<\/div>\n\t\t\t\t<div class=\"elementor-element elementor-element-f4beba3 elementor-button-warning elementor-align-center elementor-widget elementor-widget-button\" data-id=\"f4beba3\" data-element_type=\"widget\" data-widget_type=\"button.default\">\n\t\t\t\t<div class=\"elementor-widget-container\">\n\t\t\t\t\t<div class=\"elementor-button-wrapper\">\n\t\t\t<a href=\"https:\/\/esat-truffaut.fr\/?page_id=6309\" class=\"elementor-button-link elementor-button elementor-size-sm\" role=\"button\">\n\t\t\t\t\t\t<span class=\"elementor-button-content-wrapper\">\n\t\t\t\t\t\t<span class=\"elementor-button-text\">Entreprises & Collectivit\u00e9s<\/span>\n\t\t<\/span>\n\t\t\t\t\t<\/a>\n\t\t<\/div>\n\t\t\t\t<\/div>\n\t\t\t\t<\/div>\n\t\t\t\t\t<\/div>\n\t\t<\/div>\n\t\t\t\t\t\t\t<\/div>\n\t\t<\/section>\n\t\t\t\t\t\t<\/div>\n\t\t\t\t\t<\/div>\n\t\t","protected":false},"excerpt":{"rendered":"<p>DES PRODUITS SAINS, PR\u00c9PAR\u00c9S AVEC SOIN. Sp\u00e9cialis\u00e9 dans les m\u00e9tiers de bouches, l\u2019ESAT IDEFHI accompagne 51 travailleurs handicap\u00e9s Au travers de notre savoir-faire soign\u00e9 et exigeant, nous veillons \u00e0 leur transmettre les bonnes cl\u00e9s de r\u00e9ussite pour une meilleure insertion en milieu ordinaire. \u00a0 \u00c9tablissement m\u00e9dico-social avec un pendant commercial, nos valeurs : l\u2019Humain, Le&#8230;<\/p>\n","protected":false},"author":1,"featured_media":0,"parent":0,"menu_order":0,"comment_status":"closed","ping_status":"closed","template":"","meta":{"om_disable_all_campaigns":false,"_monsterinsights_skip_tracking":false,"_monsterinsights_sitenote_active":false,"_monsterinsights_sitenote_note":"","_monsterinsights_sitenote_category":0,"_kad_post_transparent":"","_kad_post_title":"hide","_kad_post_layout":"fullwidth","_kad_post_sidebar_id":"","_kad_post_content_style":"unboxed","_kad_post_vertical_padding":"hide","_kad_post_feature":"hide","_kad_post_feature_position":"","_kad_post_header":false,"_kad_post_footer":false},"_links":{"self":[{"href":"https:\/\/esat-idefhi.fr\/index.php?rest_route=\/wp\/v2\/pages\/106"}],"collection":[{"href":"https:\/\/esat-idefhi.fr\/index.php?rest_route=\/wp\/v2\/pages"}],"about":[{"href":"https:\/\/esat-idefhi.fr\/index.php?rest_route=\/wp\/v2\/types\/page"}],"author":[{"embeddable":true,"href":"https:\/\/esat-idefhi.fr\/index.php?rest_route=\/wp\/v2\/users\/1"}],"replies":[{"embeddable":true,"href":"https:\/\/esat-idefhi.fr\/index.php?rest_route=%2Fwp%2Fv2%2Fcomments&post=106"}],"version-history":[{"count":1899,"href":"https:\/\/esat-idefhi.fr\/index.php?rest_route=\/wp\/v2\/pages\/106\/revisions"}],"predecessor-version":[{"id":7661,"href":"https:\/\/esat-idefhi.fr\/index.php?rest_route=\/wp\/v2\/pages\/106\/revisions\/7661"}],"wp:attachment":[{"href":"https:\/\/esat-idefhi.fr\/index.php?rest_route=%2Fwp%2Fv2%2Fmedia&parent=106"}],"curies":[{"name":"wp","href":"https:\/\/api.w.org\/{rel}","templated":true}]}}